{"id":343,"date":"2019-10-08T09:43:00","date_gmt":"2019-10-08T07:43:00","guid":{"rendered":"http:\/\/dbdmg.polito.it\/dbdmg_web\/?page_id=343"},"modified":"2021-07-27T14:37:51","modified_gmt":"2021-07-27T12:37:51","slug":"tania-cerquitelli","status":"publish","type":"page","link":"https:\/\/dbdmg.polito.it\/dbdmg_web\/people\/tania-cerquitelli\/","title":{"rendered":"Tania Cerquitelli"},"content":{"rendered":"<p><img loading=\"lazy\" decoding=\"async\" width=\"215\" height=\"300\" src=\"http:\/\/dbdmg.polito.it\/dbdmg_web\/wp-content\/uploads\/2020\/02\/DSC_1029-215x300.jpg\" alt=\"Tania Cerquitelli\" srcset=\"http:\/\/dbdmg.polito.it\/dbdmg_web\/wp-content\/uploads\/2020\/02\/DSC_1029-215x300.jpg 215w, http:\/\/dbdmg.polito.it\/dbdmg_web\/wp-content\/uploads\/2020\/02\/DSC_1029-768x1074.jpg 768w, http:\/\/dbdmg.polito.it\/dbdmg_web\/wp-content\/uploads\/2020\/02\/DSC_1029-732x1024.jpg 732w, http:\/\/dbdmg.polito.it\/dbdmg_web\/wp-content\/uploads\/2020\/02\/DSC_1029-143x200.jpg 143w, http:\/\/dbdmg.polito.it\/dbdmg_web\/wp-content\/uploads\/2020\/02\/DSC_1029.jpg 1306w\" sizes=\"auto, (max-width: 215px) 100vw, 215px\"><\/p>\n<h2>Tania Cerquitelli<\/h2>\n<p><strong>Associate Professor<\/strong><\/p>\n<p><b>Politecnico di Torino<\/b><\/p>\n<p><a href=\"http:\/\/www.dauin.polito.it\/\" target=\"_blank\" rel=\"noopener noreferrer\">Department of Control and Computer Engineering<\/a><\/p>\n<p>ORCID: 0000-0002-9039-6226<\/p>\n<p><a href=\"https:\/\/scholar.google.it\/citations?user=j55CgqEAAAAJ&amp;hl=en\">Google scholar profile&nbsp;<\/a><\/p>\n<h6>Contacts<\/h6>\n<p>+ 39 011 0907178 \/ 7178<\/p>\n<p>tania.cerquitelli &#8216;@&#8217; polito.it<\/p>\n<p><a href=\"\">Home<\/a><br \/>\n<a href=\"\">Research Interests<\/a><br \/>\n<a href=\"\">Research Projects<\/a><br \/>\n<a href=\"\">Publications<\/a><br \/>\n<a href=\"\">Teaching<\/a><br \/>\n<a href=\"\">Scholarly service<\/a><br \/>\n<a href=\"\">Links<\/a><br \/>\nHome<\/p>\n<h2>SHORT BIO<\/h2>\n<p>Tania Cerquitelli has been an Associate Professor at the Department of Control and Computer Engineering of the Politecnico di Torino, Italy, since March 2018. Her research activities have been mainly devoted to fostering and sharing research and innovation on data science and machine learning. Tania has designed and developed novel, scalable and general-purpose algorithms to extract new forms of knowledge patterns in different application domains, from Industry 4.0 to energy-related applications. Tania is very active in the research community since she has been a proceeding chair for ACM CIKM 2018, a co-chair of the workshop track for ADBIS 2018 and has organized a variety of international workshops in the last few years [2015-2020] in conjunction with different international conferences. Tania is the co-editor of a Springer book titled \u201cTransparent Data Mining for Big and Small Data\u201d with Dr. Daniele Quercia and Prof. Frank Pasquale. Tania has published more than 120 scientific publications including 35 journal articles published in IEEE journals (IEEE TKDE, IEEE TITB, IEEE TSNM, IEEE Access), ACM journals (ACM TIST), Springer journals (Knowledge and Information Systems), Elsevier journals (Information sciences, Expert System With Applications, Big Data Research, Computer networks, Journal of Systems and Software), MDPI (Energies, Electronics, Applied Sciences), Wiley &amp; Sons (International Journal of Intelligent Systems). Tania has served as a referee for many international journals. Tania has been involved in many European and Italian research projects addressing different research issues related to machine learning and data analytics. Tania has been the professor of courses in Introduction to Databases and Business Intelligence for Big Data courses at the Politecnico di Torino since 2011. She got a master degree with honours in Computer Engineering (in 2003) and the PhD degree (in 2007) from the Politecnico di Torino, Italy, and the master degree with honours in Computer Science (in 2003) from the Universidad De Las Am\u00e9ricas Puebla, Mexico.<\/p>\n<p><strong>CAREER BREAKS<\/strong><\/p>\n<ul>\n<li>2011\/04\/15 \u2014 2011\/09\/14&nbsp; (Daughter: Francesca)&nbsp; &nbsp; &nbsp; &nbsp; Maternity Leave \u2013 5 Months<\/li>\n<li>2013\/05\/29 \u2013 2013\/11\/02&nbsp;&nbsp; (Daughter: Vittoria)&nbsp; &nbsp; &nbsp; &nbsp; &nbsp; &nbsp; Maternity Leave \u2013 5 Months<\/li>\n<li>2017\/08\/24 \u2013 2018\/01\/24&nbsp;&nbsp; (Son: Lorenzo)&nbsp; &nbsp; &nbsp; &nbsp; &nbsp; &nbsp; &nbsp; &nbsp; &nbsp; &nbsp; &nbsp;Maternity Leave \u2013 5 Months<\/li>\n<\/ul>\n<p>Research Interests<\/p>\n<h2>RESEARCH INTERESTS<\/h2>\n<p>The research activity of Tania Cerquitelli has been mainly devoted to fostering and sharing research and innovation on data science, an interdisciplinary field about scientific processes, methodologies, and systems to extract useful knowledge or insights from data in various forms. Tania Cerquitelli has actively contributed to the design and development of cutting-edge and scalable data science methodologies and transparent algorithms (explainable Artificial Intelligence) for science and society to translate data into knowledge and, ultimately, actions. Specifically, Tania proposed novel, scalable and general-purpose algorithms to extract new form of knowledge patterns, as well as designs tailored data analytics solutions for data science use-cases in different application domains, from industry 4.0 to health care, and computer networks and telecommunication applications. Both health care and Industry 4.0 applications have very high societal impact, while other applications produce large amounts of heterogeneous data yielding very challenging problems from a data science perspective. Specifically, her&nbsp;research interests include:<\/p>\n<ul>\n<li>EXplanable Artificial Intelligence<\/li>\n<li>automated data science pipeline<\/li>\n<li>tailoring th KDD process to interesting and unconventional use cases<\/li>\n<li>self-learning methodologies,<\/li>\n<li>self-tuning algorithms,<\/li>\n<li>the design of innovative algorithms to perform large-scale data mining,<\/li>\n<li>novel and efficient data mining techniques for IoT,<\/li>\n<li>algorithms to extract high level abstraction of the mined knowledge (e.g., generalized association rules).<\/li>\n<\/ul>\n<p>Research Projects<\/p>\n<h2>MAIN TOPICS<\/h2>\n<p>I have been involved in many research projects addressing different topics:<\/p>\n<ul>\n<li>Industry 4.0<\/li>\n<li>energy efficiency,<\/li>\n<li>network traffic analysis,<\/li>\n<li>Internet platform<\/li>\n<li>in the data mining research area.<\/li>\n<\/ul>\n<h2>FUNDED PROJECTS<\/h2>\n<ul>\n<li>[01\/01\/2018-31\/12\/2020]. EnABLES funded by the European Community under Horizon 2020, Call H2020-INFRAIA-2016-2017, Grant Agreement number 730957&nbsp;<\/li>\n<li>[01\/10\/2017-30\/09\/2020] SERENA&nbsp;(VerSatilE plug-and-play platform enabling REmote predictive maintenance) funded by the European Community under H2020-IND-CE-2016-17 program, FOF-09-2017, Grant agreement no. 767561&nbsp;<\/li>\n<li>[10\/1\/2016\u201303\/30\/2019] DISLOMAN (Dynamic Integrated ShopfLoor Operation MANagement for Industry 4.0) a Piedmont Region funding under the FESR 2014\/2020.<\/li>\n<li>[09\/01\/2014\u201307\/31\/2015] EDEN (Energy Data ENgagement): a Piedmont Region funding under the POR FESR 2007\/2013 n. 281-79 (EDEN Project).<\/li>\n<\/ul>\n<h2 style=\"margin-top: 1em; font-style: normal; font-variant-ligatures: normal; font-variant-caps: normal;\">RESEARCH AGREEMENT<\/h2>\n<ul>\n<li>Accenture SpA. The research activities addressed the<em> \u201cQuality assessment in the context of Big Data and analytics techniques\u201d<\/em>, over a time span of 6 months starting on August 1st, 2019<\/li>\n<li>Research agreement with EDISON S.p.A. The research activities addressed the <em>\u201cCity building mapping: using open data to characterize the energy efficiency of buildings\u201d<\/em>, over a time span of 12 months starting on June 1st, 2018.<\/li>\n<li>Fondazione Centro Studi ENEL (Enel Foundation). The research study addresses the <em>\u201cClassification of Residential consumers based on hourly-metered data\u201d<\/em> and it runs for 6 months starting on May 29th, 2017.&nbsp;<\/li>\n<li>AMADA Engineering Europe S.r.l. The research study addresses the <em>\u201cStudy of state-of-the-art methods and tools for similarity search of CAD objects\u201d<\/em> and it runs for 4 months starting on June 1st, 2017.<\/li>\n<li>ZIRAK S.r.l. The research activities address the <em>\u201cDesign and development of data storage and analytics architecture to efficiently process RED-Tag data\u201d<\/em>, over a time span of 8 months starting on February 1st, 2018.<\/li>\n<li>T&amp;T Elettronica S.r.l. The research activities address the<em> \u201cAd-hoc strategies to automatically position the Red-tags on packages\u201d<\/em>, over a time span of 3,5 months starting on September 1st, 2018.<\/li>\n<\/ul>\n<p>Publications<\/p>\n<h2>SCIENTIFIC PUBLICATIONS<\/h2>\n<p>A list of publications can be found <a href=\"http:\/\/porto.polito.it\/view\/creators\/Cerquitelli=3ATania=3A011909=3A.html\" target=\"_blank\" rel=\"noopener noreferrer\">here<\/a>.<br \/>\nA restricted list of database-related publications is available at the <a href=\"http:\/\/dblp.uni-trier.de\/pers\/hd\/c\/Cerquitelli:Tania\" target=\"_blank\" rel=\"noopener noreferrer\">DBLP Bibliography Server<\/a>.<\/p>\n<p><u style=\"text-align: justify; text-indent: 0em;\">2 conference Best Paper<br \/>\nAwards<\/u><\/p>\n<ul>\n<li>Apiletti, D. Barberis, C. Cerquitelli, T. Macii, A. Macii, E. Poncino, M. Ventura, F. (2018) <em><strong>iSTEP, an Integrated Self-Tuning Engine for Predictive Maintenance in Industry 4.0.<\/strong> <\/em>ISPA\/IUCC\/BDCloud\/SocialCom\/SustainCom 2018: 924-931<\/li>\n<li>Cerquitelli, T. Chicco, G. Di Corso, E. Ventura, F. Montesano, G. Armiento, M. Mateo Gonz\u00e1lez, A. Veiga Santiago, A. (2018) &nbsp;<strong><em>Clustering-Based<\/em> Assessment of Residential Consumers from Hourly-Metered Data<\/strong> In International Conference on Smart Energy System and Technologies \u2013 SEST 2018 Sevilla, Spain 12,<br \/>\n2018.<\/li>\n<\/ul>\n<p style=\"text-align: justify;\"><u>1 Best Student Paper Award <\/u><\/p>\n<ul>\n<li>Pinto, V. Perotti, A. Cerquitelli, T. (2019). <em><strong>Modeling Urban Traffic Data Through Graph-Based Neural<\/strong> Networks<\/em>. INNSBDDL 2019: 216-225<\/li>\n<\/ul>\n<p>Teaching<\/p>\n<h2>TEACHING ACTIVITY<\/h2>\n<h4><b style=\"text-indent: 0em; text-align: justify;\">Main teaching offices (formal responsibility)<\/b><\/h4>\n<p style=\"text-align: justify;\">Since academic year 2011-2012, when she was Assistant Professor at the<br \/>\nDepartment of Computer and Control Engineering of Politecnico di Torino, Tania<br \/>\nCerquitelli has been the professor (with formal responsibility) in a large<br \/>\nnumber of courses at Politecnico di Torino, including:<\/p>\n<ul>\n<li>3 course in the PhD program,<\/li>\n<li>10+&nbsp;courses in the 2<sup>nd<\/sup> level specializing Master Program,<\/li>\n<li>10+&nbsp;courses in the Master of Science, [e.g.,&nbsp;\u201cBusiness&nbsp;Intelligence for Big Data\u201d (in the Management Engineering master degree) [<a style=\"text-align: left; color: #ff7373; outline: 0px;\" href=\"http:\/\/dbdmg.polito.it\/wordpress\/teaching\/business-intelligence\/\" target=\"_blank\" rel=\"noopener noreferrer\">course website AA. 2018\/2019<\/a>]]<\/li>\n<li>10+&nbsp;courses in the Bachelor. [e.g.,&nbsp;\u201cDatabases\u201d (in the Computer Engineering bachelor degree) [<a style=\"text-indent: -18pt; text-align: left; color: #ff7373; outline: 0px;\" href=\"http:\/\/dbdmg.polito.it\/wordpress\/teaching\/databases\/\" target=\"_blank\" rel=\"noopener noreferrer\">course website AA. 2018\/2019<\/a>]<\/li>\n<\/ul>\n<p style=\"text-align: justify;\">All courses taught by Tania belongs to the Computer Science area, they are<br \/>\nmainly related to<\/p>\n<ul>\n<li>Database&nbsp;Management Systems,<\/li>\n<li>Data&nbsp;Warehousing,<\/li>\n<li>Data&nbsp;Mining,<\/li>\n<li>Data&nbsp;science,<\/li>\n<li>Business&nbsp;Intelligence to support decision making.<\/li>\n<\/ul>\n<p style=\"text-align: justify;\">Tania has also taught, jointly with other professors, 3 courses in the PhD program from academic year 2013-2014 to 2015-2016.<\/p>\n<h4 style=\"text-align: justify;\"><b>Other teaching&nbsp;offices<\/b><\/h4>\n<p style=\"text-align: justify;\">In academic year 2014-2015, Tania was a Mentor for Talented Students, selected within the \u201cYoung Talent Project\u201d, which was organized and sponsored by Fondazione CRT and Politecnico di Torino.<\/p>\n<p style=\"text-align: justify;\">Furthermore, Tania was a professor at<\/p>\n<ul>\n<li>the \u201cBuilding tomorrow society: IoT applications and&nbsp;data management\u201d summer school for foreign professors, in Torino, Italy, [Editions:<br \/>\n2018, 2017];<\/li>\n<li>the \u201c5<sup>th<\/sup> Franco-Mexican school on distributed&nbsp;systems\u201d, PhD school taken in Ensenada, Baja California, on August 7<sup>th<\/sup>-11<sup>th<\/sup>, 2006.&nbsp;<\/li>\n<\/ul>\n<p>Scholarly service<\/p>\n<h2>SCHOLARLY SERVICE<\/h2>\n<h3>EDITORSHIP (Springer Book)<\/h3>\n<ul>\n<li>Co-editor of a Springer book project titled \u201c<a href=\"http:\/\/dbdmg.polito.it\/glass-boxDM\/\" target=\"_blank\" rel=\"noopener noreferrer\">Transparent Data Mining for Big and Small Data<\/a>\u201d with Dr Daniele Quercia and Prof. Frank Pasquale. This book will come out as part the Studies in&nbsp;<a href=\"http:\/\/www.springer.com\/series\/11970\" target=\"_blank\" rel=\"noopener noreferrer\">Big Data series<\/a>, published by Springer, which is one of the most prestigious and well regarded.<\/li>\n<\/ul>\n<p>EDITORSHIP (Proceeding volume)<\/p>\n<ul>\n<li>Andr\u00e1s Bencz\u00far, Bernhard Thalheim, Tom\u00e1s Horv\u00e1th, Silvia Chiusano, Tania Cerquitelli, Csaba Istv\u00e1n Sidl\u00f3, Peter Z. Revesz (Eds): New Trends in Databases and Information Systems \u2013 ADBIS 2018 Short Papers and Workshops, AI*QA, BIGPMED, CSACDB, M2U, BigDataMAPS, ISTREND, DC, Budapest, Hungary, September, 2-5, 2018, Proceedings. Communications in Computer and Information Science 909, Springer 2018, ISBN 978-3-030-00062-2&nbsp;<\/li>\n<li>Mirjana Ivanovic, Bernhard Thalheim, Barbara Catania, Klaus-Dieter Schewe, Marite Kirikova, Petr Saloun, Ajantha Dahanayake, Tania Cerquitelli, Elena Baralis, Pietro Michiardi:&nbsp;<a href=\"http:\/\/link.springer.com\/book\/10.1007%2F978-3-319-44066-8\" target=\"_blank\" rel=\"noopener noreferrer\">New Trends in Databases and Information Systems \u2013 ADBIS 2016 Short Papers and Workshops, BigDap, DCSA, DC, Prague, Czech Republic, August 28-31, 2016, Proceedings<\/a>. Communications in Computer and Information Science 637, Springer 2016, ISBN 978-3-319-44065-1<\/li>\n<li>Barbara Catania, Tania Cerquitelli, Silvia Chiusano, Giovanna Guerrini, Mirko K\u00e4mpf, Alfons Kemper, Boris Novikov, Themis Palpanas, Jaroslav Pokorn\u00fd, Athena Vakali:&nbsp;<a href=\"http:\/\/link.springer.com\/book\/10.1007%2F978-3-319-01863-8\" target=\"_blank\" rel=\"noopener noreferrer\">New Trends in Databases and Information Systems, 17th East European Conference on Advances in Databases and Information Systems, ADBIS 2013, Genoa, Italy, September 1-4, 2013. Proceedings II<\/a>. Advances in Intelligent Systems and Computing 241, Springer 2014, ISBN 978-3-319-01862-1<\/li>\n<\/ul>\n<h3>ORGANISATIONS OF SCIENTIFIC MEETINGS<\/h3>\n<ul>\n<li>Chair for the \u201c4th International workshop on Data Analytics solutions for Real-LIfe APplications\u201d, organized within EDBT\/ICDT 2020 Joint Conference. March 30th, 2020 Copenhagen, Denmark (2020)\u201d. (Website: http:\/\/dbdmg.polito.it\/darli-ap2020\/)<\/li>\n<li>Chair for the \u201c3rd International workshop on Data Analytics solutions for Real-LIfe APplications\u201d, organized within EDBT\/ICDT 2019 Joint Conference. March 26th, 2019. Lisbon, Portugal (2019)\u201d. (Website: http:\/\/dbdmg.polito.it\/darli-ap2019\/)<\/li>\n<li>Chair for the \u201c2nd International workshop on Data Analytics solutions for Real-LIfe APplications\u201d, organized within EDBT\/ICDT 2018 Joint Conference. March 26th, 2018. Vienna, Austria (2018)\u201d. (Website: http:\/\/dbdmg.polito.it\/darli-ap2018\/)<\/li>\n<li>Chair for the \u201c1st International workshop on Data Analytics solutions for Real-LIfe APplications\u201d, organized within \u201cThe 3rd IEEE International Conference on Smart Data\u201d. June 21-23, 2017. Exeter, England, UK (2017)\u201d. (Website: http:\/\/dbdmg.polito.it\/darli-ap2017\/)<\/li>\n<li>Chair for the \u201c1st International Workshop on Data Science: Methodologies and Use-Cases\u201d, organized within \u201cThe 21th European Conference on Advances in Databases and Information Systems\u201d September 24-27, 2017, Nicosia, Cyprus\u201d. (Website: http:\/\/dbdmg.polito.it\/das2017\/)<\/li>\n<li>Co-chair for \u201c3rd International Workshop on Big Data Applications and Principles\u201d, in the 20th East-European Conference on Advances in Databases and Information Systems.Prague, Czech Republic (2016).<\/li>\n<li>Co-chair for \u201c2nd International Workshop on Big Data Applications and Principles\u201d, in the 19th East-European Conference on Advances in Databases and Information Systems. Futuroscope, Poitiers, France (2015).<\/li>\n<li>Co-Chair for \u201cSpecial session on Big Data: New Trends and Applications\u201d, in the 17th East-European Conference on Advances in Databases and Information Systems. Genoa, Italy (2013).<\/li>\n<li>Co-Chair for \u201cData management and exploitation track\u201d in the IEEE Mexican International Conference on Computer Science. M\u00e8xico City, M\u00e8xico (2009)<\/li>\n<\/ul>\n<p>Links<\/p>\n","protected":false},"excerpt":{"rendered":"<p>Tania Cerquitelli Associate Professor Politecnico di Torino Department of Control and Computer Engineering ORCID: 0000-0002-9039-6226 Google scholar profile&nbsp; Contacts + 39 011 0907178 \/ 7178 tania.cerquitelli &#8216;@&#8217; polito.it Home Research Interests Research Projects Publications Teaching Scholarly service Links Home SHORT BIO Tania Cerquitelli has been an Associate Professor at the &hellip;<\/p>\n","protected":false},"author":2,"featured_media":0,"parent":447,"menu_order":0,"comment_status":"closed","ping_status":"closed","template":"","meta":{"editor_plus_copied_stylings":"{}","footnotes":""},"class_list":["post-343","page","type-page","status-publish","hentry"],"_links":{"self":[{"href":"https:\/\/dbdmg.polito.it\/dbdmg_web\/wp-json\/wp\/v2\/pages\/343","targetHints":{"allow":["GET"]}}],"collection":[{"href":"https:\/\/dbdmg.polito.it\/dbdmg_web\/wp-json\/wp\/v2\/pages"}],"about":[{"href":"https:\/\/dbdmg.polito.it\/dbdmg_web\/wp-json\/wp\/v2\/types\/page"}],"author":[{"embeddable":true,"href":"https:\/\/dbdmg.polito.it\/dbdmg_web\/wp-json\/wp\/v2\/users\/2"}],"replies":[{"embeddable":true,"href":"https:\/\/dbdmg.polito.it\/dbdmg_web\/wp-json\/wp\/v2\/comments?post=343"}],"version-history":[{"count":91,"href":"https:\/\/dbdmg.polito.it\/dbdmg_web\/wp-json\/wp\/v2\/pages\/343\/revisions"}],"predecessor-version":[{"id":762,"href":"https:\/\/dbdmg.polito.it\/dbdmg_web\/wp-json\/wp\/v2\/pages\/343\/revisions\/762"}],"up":[{"embeddable":true,"href":"https:\/\/dbdmg.polito.it\/dbdmg_web\/wp-json\/wp\/v2\/pages\/447"}],"wp:attachment":[{"href":"https:\/\/dbdmg.polito.it\/dbdmg_web\/wp-json\/wp\/v2\/media?parent=343"}],"curies":[{"name":"wp","href":"https:\/\/api.w.org\/{rel}","templated":true}]}}