{"id":16552,"date":"2020-09-23T16:33:46","date_gmt":"2020-09-23T15:33:46","guid":{"rendered":"https:\/\/dbdmg.polito.it\/wordpress\/?page_id=16552"},"modified":"2020-11-17T18:51:23","modified_gmt":"2020-11-17T17:51:23","slug":"piano-del-corso-ll-zz","status":"publish","type":"page","link":"https:\/\/dbdmg.polito.it\/wordpress\/piano-del-corso-ll-zz\/","title":{"rendered":"Piano del corso LL-ZZ"},"content":{"rendered":"<h2>Calendario del corso di Basi Dati ing. Gestionale &#8211; prof. Farinetti (LL-ZZ)<\/h2>\n<p>La tabella seguente riporta la pianificazione delle lezioni FUTURE del corso (quelle gi\u00e0 svolte sono cancellate dalla tabella), per trasparenza di informazione e per facilitare la pianificazione da parte degli studenti. Ci riserviamo di modificare la pianificazione delle lezioni per esigenze didattiche.<br \/>\n<strong>Nella tabella sono riportate solo le attivit\u00e0 &#8220;in diretta&#8221;, cio\u00e8 in Virtual Classroom e\/o in presenza. Quando una nuova esercitazione pre-registrata \u00e8 disponibile viene inserito un avviso su Slack e sul Portale.<\/strong><\/p>\n<p>IMPORTANTE: Si noti che non tutte le ore di lezione indicate nell&#8217;orario ufficiale verranno utilizzate.<\/p>\n<p><em>Legenda<\/em>: la colonna Tipo pu\u00f2 essere LezD=Lezione in diretta, EsD=Esercitazione in diretta, Lab=Esercitazione di laboratorio. La colonna Modalit\u00e0 pu\u00f2 essere VC=Virtual Classroom, P=Presenza (aula Oceania 173 &#8211; ILO), P+VC= Presenza pi\u00f9 Virtual Classroom per chi non \u00e8 presente.<\/p>\n<table style=\"height: 943px; width: 100%; border-style: solid;\" border=\"1\">\n<tbody>\n<tr style=\"height: 99px;\">\n<th style=\"height: 33px;\">Data<\/th>\n<th style=\"height: 33px;\">\u00a0Orario<\/th>\n<th style=\"height: 33px;\">\u00a0Tipo<\/th>\n<th style=\"height: 33px;\">\u00a0Ore<\/th>\n<th style=\"height: 33px;\">Argomento<\/th>\n<th style=\"height: 33px;\">\u00a0Modalit\u00e0<\/th>\n<th style=\"height: 33px;\">\u00a0Docente<\/th>\n<\/tr>\n<tr style=\"height: 72px;\">\n<td style=\"height: 72px;\">\u00a0gio 19\/11\/2020<\/td>\n<td style=\"height: 72px;\">\u00a013.00-14.30<\/td>\n<td style=\"height: 72px;\">\u00a0Lab<\/td>\n<td style=\"height: 72px;\">\u00a01,5<\/td>\n<td style=\"height: 72px;\">Laboratorio #4: NoSQL. Squadra online.<\/td>\n<td style=\"height: 72px;\">\u00a0VC<\/td>\n<td style=\"height: 72px;\">\u00a0Moreno La Quatra<\/td>\n<\/tr>\n<tr style=\"height: 69px;\">\n<td style=\"height: 69px;\">\u00a0gio 19\/11\/2020<\/td>\n<td style=\"height: 69px;\">\u00a014.30-16.00<\/td>\n<td style=\"height: 69px;\">\u00a0LezD<\/td>\n<td style=\"height: 69px;\">\u00a01,5<\/td>\n<td style=\"height: 69px;\">Progettazione logica. Ristrutturazione dello schema E-R.<\/td>\n<td style=\"height: 69px;\">\u00a0VC<\/td>\n<td style=\"height: 69px;\">\u00a0Laura Farinetti<\/td>\n<\/tr>\n<tr style=\"height: 91px;\">\n<td style=\"height: 91px;\">\u00a0lun 23\/11\/2020<\/td>\n<td style=\"height: 91px;\">\u00a016.00-19.00<\/td>\n<td style=\"height: 91px;\">\u00a0LezD<\/td>\n<td style=\"height: 91px;\">\u00a03<\/td>\n<td style=\"height: 91px;\">Analisi dei dati per il supporto alle decisioni. Introduzione ai data warehouse. Cenni di progettazione dei DW. Analisi OLAP: roll up, drill down, slice and dice, pivot.<\/td>\n<td style=\"height: 91px;\">\u00a0VC<\/td>\n<td style=\"height: 91px;\">\u00a0Luca Cagliero<\/td>\n<\/tr>\n<tr style=\"height: 61px;\">\n<td style=\"height: 61px;\">\u00a0mar 24\/11\/2020<\/td>\n<td style=\"height: 61px;\">\u00a010.00-11.30<\/td>\n<td style=\"height: 61px;\">\u00a0Lab<\/td>\n<td style=\"height: 61px;\">\u00a01,5<\/td>\n<td style=\"height: 61px;\">Laboratorio #5: NoSQL. Squadra online.<\/td>\n<td style=\"height: 61px;\">\u00a0VC<\/td>\n<td style=\"height: 61px;\">\u00a0Danilo Giordano<\/td>\n<\/tr>\n<tr style=\"height: 68px;\">\n<td style=\"height: 68px;\">\u00a0gio 26\/11\/2020<\/td>\n<td style=\"height: 68px;\">\u00a013.00-14.30<\/td>\n<td style=\"height: 68px;\">\u00a0Lab<\/td>\n<td style=\"height: 68px;\">\u00a01,5<\/td>\n<td style=\"height: 68px;\">Laboratorio #5: NoSQL. Squadra online.<\/td>\n<td style=\"height: 68px;\">\u00a0VC<\/td>\n<td style=\"height: 68px;\">\u00a0Moreno La Quatra<\/td>\n<\/tr>\n<tr style=\"height: 63px;\">\n<td style=\"height: 63px;\">\u00a0gio 26\/11\/2020<\/td>\n<td style=\"height: 63px;\">\u00a014.30-16.00<\/td>\n<td style=\"height: 63px;\">\u00a0EsD<\/td>\n<td style=\"height: 63px;\">\u00a01,5<\/td>\n<td style=\"height: 63px;\">Esercizi di progettazione concettuale.<\/td>\n<td style=\"height: 63px;\">\u00a0VC<\/td>\n<td style=\"height: 63px;\">\u00a0Luca Cagliero<\/td>\n<\/tr>\n<tr style=\"height: 80px;\">\n<td style=\"height: 80px;\">\u00a0ven 27\/11\/2020<\/td>\n<td style=\"height: 80px;\">\u00a013.00-14.30<\/td>\n<td style=\"height: 80px;\">\u00a0LezD<\/td>\n<td style=\"height: 80px;\">\u00a01,5<\/td>\n<td style=\"height: 80px;\">Progettazione logica. Traduzione nel modello relazionale.<\/td>\n<td style=\"height: 80px;\">\u00a0VC<\/td>\n<td style=\"height: 80px;\">\u00a0Laura Farinetti<\/td>\n<\/tr>\n<tr style=\"height: 67px;\">\n<td style=\"height: 67px;\">\u00a0lun 30\/11\/2020<\/td>\n<td style=\"height: 67px;\">\u00a016.00-19.00<\/td>\n<td style=\"height: 67px;\">\u00a0LezD<\/td>\n<td style=\"height: 67px;\">\u00a03<\/td>\n<td style=\"height: 67px;\">Esempio di progettazione logica. Progettazione fisica e gestione degli indici.<\/td>\n<td style=\"height: 67px;\">\u00a0VC<\/td>\n<td style=\"height: 67px;\">\u00a0Laura Farinetti<\/td>\n<\/tr>\n<tr style=\"height: 70px;\">\n<td style=\"height: 70px;\">\u00a0mar 01\/12\/2020<\/td>\n<td style=\"height: 70px;\">\u00a010.00-11.30<\/td>\n<td style=\"height: 70px;\">\u00a0Lab<\/td>\n<td style=\"height: 70px;\">\u00a01,5<\/td>\n<td style=\"height: 70px;\">Laboratorio #6: Google Data Studio. Squadra online.<\/td>\n<td style=\"height: 70px;\">\u00a0VC<\/td>\n<td style=\"height: 70px;\">\u00a0Danilo Giordano<\/td>\n<\/tr>\n<tr style=\"height: 68px;\">\n<td style=\"height: 68px;\">\u00a0gio 03\/12\/2020<\/td>\n<td style=\"height: 68px;\">\u00a013.00-14.30<\/td>\n<td style=\"height: 68px;\">\u00a0Lab<\/td>\n<td style=\"height: 68px;\">\u00a01,5<\/td>\n<td style=\"height: 68px;\">Laboratorio #6: Google Data Studio. Squadra online.<\/td>\n<td style=\"height: 68px;\">\u00a0VC<\/td>\n<td style=\"height: 68px;\">\u00a0Moreno La Quatra<\/td>\n<\/tr>\n<tr style=\"height: 66px;\">\n<td style=\"height: 66px;\">\u00a0gio 10\/12\/2020<\/td>\n<td style=\"height: 66px;\">\u00a014.30-16.00<\/td>\n<td style=\"height: 66px;\">\u00a0LezD<\/td>\n<td style=\"height: 66px;\">\u00a01,5<\/td>\n<td style=\"height: 66px;\">Normalizzazione di uno schema relazionale. Forma Normale di Boyce Codd.<\/td>\n<td style=\"height: 66px;\">\u00a0VC<\/td>\n<td style=\"height: 66px;\">\u00a0Luca Cagliero<\/td>\n<\/tr>\n<tr style=\"height: 67px;\">\n<td style=\"height: 67px;\">\u00a0lun 14\/12\/2020<\/td>\n<td style=\"height: 67px;\">\u00a016.00-17.30<\/td>\n<td style=\"height: 67px;\">\u00a0LezD<\/td>\n<td style=\"height: 67px;\">\u00a01,5<\/td>\n<td style=\"height: 67px;\">Esercizi di progettazione.<\/td>\n<td style=\"height: 67px;\">\u00a0VC<\/td>\n<td style=\"height: 67px;\">\u00a0Laura Farinetti<\/td>\n<\/tr>\n<tr style=\"height: 70px;\">\n<td style=\"height: 70px;\">\u00a0mar 15\/12\/2020<\/td>\n<td style=\"height: 70px;\">\u00a010.00-11.30<\/td>\n<td style=\"height: 70px;\">\u00a0Lab<\/td>\n<td style=\"height: 70px;\">\u00a01,5<\/td>\n<td style=\"height: 70px;\">Laboratorio #7: Creazione di DB. Squadra online.<\/td>\n<td style=\"height: 70px;\">\u00a0VC<\/td>\n<td style=\"height: 70px;\">\u00a0Danilo Giordano<\/td>\n<\/tr>\n<tr style=\"height: 68px;\">\n<td style=\"height: 68px;\">\u00a0gio 17\/12\/2020<\/td>\n<td style=\"height: 68px;\">\u00a013.00-14.30<\/td>\n<td style=\"height: 68px;\">\u00a0Lab<\/td>\n<td style=\"height: 68px;\">\u00a01,5<\/td>\n<td style=\"height: 68px;\">Laboratorio #7: Creazione di DB. Squadra online.<\/td>\n<td style=\"height: 68px;\">\u00a0VC<\/td>\n<td style=\"height: 68px;\">\u00a0Moreno La Quatra<\/td>\n<\/tr>\n<tr style=\"height: 68px;\">\n<td style=\"height: 68px;\">\u00a0gio 17\/12\/2020<\/td>\n<td style=\"height: 68px;\">\u00a014.30-16.00<\/td>\n<td style=\"height: 68px;\">\u00a0EsD<\/td>\n<td style=\"height: 68px;\">\u00a01,5<\/td>\n<td style=\"height: 68px;\">Esercizi di progettazione.<\/td>\n<td style=\"height: 68px;\">\u00a0VC<\/td>\n<td style=\"height: 68px;\">\u00a0Luca Cagliero<\/td>\n<\/tr>\n<tr style=\"height: 68px;\">\n<td style=\"height: 68px;\">\u00a0gio 7\/01\/2021<\/td>\n<td style=\"height: 68px;\">\u00a014.30-16.00<\/td>\n<td style=\"height: 68px;\">\u00a0EsD<\/td>\n<td style=\"height: 68px;\">\u00a01,5<\/td>\n<td style=\"height: 68px;\">Temi d&#8217;esame.<\/td>\n<td style=\"height: 68px;\">\u00a0VC<\/td>\n<td style=\"height: 68px;\">\u00a0Luca Cagliero<\/td>\n<\/tr>\n<tr style=\"height: 67px;\">\n<td style=\"height: 67px;\">\u00a0lun 11\/01\/2021<\/td>\n<td style=\"height: 67px;\">\u00a016.00-18.00<\/td>\n<td style=\"height: 67px;\">\u00a0LezD<\/td>\n<td style=\"height: 67px;\">\u00a01,5<\/td>\n<td style=\"height: 67px;\">Temi d&#8217;esame.<\/td>\n<td style=\"height: 67px;\">\u00a0VC<\/td>\n<td style=\"height: 67px;\">\u00a0Laura Farinetti<\/td>\n<\/tr>\n<tr style=\"height: 70px;\">\n<td style=\"height: 70px;\">\u00a0mar 12\/01\/2021<\/td>\n<td style=\"height: 70px;\">\u00a010.00-11.30<\/td>\n<td style=\"height: 70px;\">\u00a0Lab<\/td>\n<td style=\"height: 70px;\">\u00a01,5<\/td>\n<td style=\"height: 70px;\">Laboratorio #8: Simulazione d&#8217;esame. Squadra online.<\/td>\n<td style=\"height: 70px;\">\u00a0VC<\/td>\n<td style=\"height: 70px;\">\u00a0Danilo Giordano<\/td>\n<\/tr>\n<tr style=\"height: 68px;\">\n<td style=\"height: 68px;\">\u00a0gio 14\/01\/2021<\/td>\n<td style=\"height: 68px;\">\u00a013.00-14.30<\/td>\n<td style=\"height: 68px;\">\u00a0Lab<\/td>\n<td style=\"height: 68px;\">\u00a01,5<\/td>\n<td style=\"height: 68px;\">Laboratorio #8: Simulazione d&#8217;esame. Squadra online.<\/td>\n<td style=\"height: 68px;\">\u00a0VC<\/td>\n<td style=\"height: 68px;\">\u00a0Moreno La Quatra<\/td>\n<\/tr>\n<\/tbody>\n<\/table>\n<br class=\"fixfloat\" \/>","protected":false},"excerpt":{"rendered":"<p>Calendario del corso di Basi Dati ing. Gestionale &#8211; prof. Farinetti (LL-ZZ) La tabella seguente riporta la pianificazione delle lezioni FUTURE del corso (quelle gi\u00e0 svolte sono cancellate dalla tabella), per trasparenza di informazione e per facilitare la pianificazione da parte degli studenti. Ci riserviamo di modificare la pianificazione delle lezioni per esigenze didattiche. Nella<a href=\"https:\/\/dbdmg.polito.it\/wordpress\/piano-del-corso-ll-zz\/\">[&#8230;]<\/a><\/p>\n","protected":false},"author":17,"featured_media":0,"parent":0,"menu_order":0,"comment_status":"closed","ping_status":"closed","template":"","meta":{"footnotes":""},"class_list":["post-16552","page","type-page","status-publish","hentry"],"_links":{"self":[{"href":"https:\/\/dbdmg.polito.it\/wordpress\/wp-json\/wp\/v2\/pages\/16552","targetHints":{"allow":["GET"]}}],"collection":[{"href":"https:\/\/dbdmg.polito.it\/wordpress\/wp-json\/wp\/v2\/pages"}],"about":[{"href":"https:\/\/dbdmg.polito.it\/wordpress\/wp-json\/wp\/v2\/types\/page"}],"author":[{"embeddable":true,"href":"https:\/\/dbdmg.polito.it\/wordpress\/wp-json\/wp\/v2\/users\/17"}],"replies":[{"embeddable":true,"href":"https:\/\/dbdmg.polito.it\/wordpress\/wp-json\/wp\/v2\/comments?post=16552"}],"version-history":[{"count":33,"href":"https:\/\/dbdmg.polito.it\/wordpress\/wp-json\/wp\/v2\/pages\/16552\/revisions"}],"predecessor-version":[{"id":17177,"href":"https:\/\/dbdmg.polito.it\/wordpress\/wp-json\/wp\/v2\/pages\/16552\/revisions\/17177"}],"wp:attachment":[{"href":"https:\/\/dbdmg.polito.it\/wordpress\/wp-json\/wp\/v2\/media?parent=16552"}],"curies":[{"name":"wp","href":"https:\/\/api.w.org\/{rel}","templated":true}]}}